{"id":1270,"date":"2024-07-02T20:28:43","date_gmt":"2024-07-02T18:28:43","guid":{"rendered":"https:\/\/atica-maverick.com\/?page_id=1270"},"modified":"2024-07-07T15:20:58","modified_gmt":"2024-07-07T13:20:58","slug":"politicas-de-cookies","status":"publish","type":"page","link":"https:\/\/atica-maverick.com\/es_es\/politicas-de-cookies\/","title":{"rendered":"Pol\u00edticas de Cookies"},"content":{"rendered":"\n<p class=\"has-black-color has-text-color has-link-color wp-elements-f2c86822a680d085cb5ae459cf7b5e1a\">Pol\u00edtica de Cookies<br>En cumplimiento con lo establecido en la Ley 34\/2002 de 11 de Julio, de Servicios de la Sociedad de la Informaci\u00f3n y el Comercio Electr\u00f3nico (LSSICE), se informa de los siguientes aspectos legales:<\/p>\n\n\n\n<p class=\"has-black-color has-text-color has-link-color wp-elements-10cb797c09ddcf9958ab7be939ff5a55\">PROPIEDAD DEL SITIO WEB<br>Responsable: ATICA MAVERICK S.L.<br>NIF: B67569327<br>Direcci\u00f3n: Calle de Antonio Machada 65, Planta 2A, 08840<br>Tel\u00e9fono: 674949008<br>Email: info@atica-maverick.com<br>Registro Mercantil de de Barcelona, Tom 47211, Foli 93, Full 544857, Insc. 1<br>Actividad: Distribuci\u00f3n comercial de productos\u00a0alimenticios<\/p>\n\n\n\n<p class=\"has-black-color has-text-color has-link-color wp-elements-de232f00c87b74fc4606af200f561607\">INFORMACI\u00d3N Y TERMINOLOG\u00cdAS<br>Las cookies son archivos peque\u00f1os que las p\u00e1ginas web, tiendas online, intranets, plataformas en l\u00ednea o similares, se almacenan en el navegador del usuario que las visita y resultan necesarios para aportar a la navegaci\u00f3n web innumerables ventajas en la prestaci\u00f3n de servicios interactivos.<\/p>\n\n\n\n<p class=\"has-black-color has-text-color has-link-color wp-elements-8d2b4e7c2cd2aad66bc59cc4d6cbc897\">La siguiente informaci\u00f3n sobre los tipos posibles de cookies ayuda a comprender mejor las funciones que hacen posible:<\/p>\n\n\n\n<p class=\"has-black-color has-text-color has-link-color wp-elements-e5eda6fd196ba377b512b234ff1121c9\">Cookies de sesi\u00f3n:<br>Son cookies temporales que permanecen en el espacio de cookies de su equipo hasta que cierra el navegador, de modo que ninguna queda registrada en el disco del usuario. La informaci\u00f3n obtenida mediante estas cookies sirve para hacer posible la gesti\u00f3n operativa con cada uno de los usuarios que est\u00e1 accediendo de forma simult\u00e1nea a la web.<\/p>\n\n\n\n<p class=\"has-black-color has-text-color has-link-color wp-elements-3438f98a870bd2f51ed5e7e3729fdf6d\">Cookies persistentes:<br>Son cookies que permanecen almacenadas en el espacio de cookies de su equipo una vez cerrado el navegador, y que cuando la pr\u00f3xima vez que se vuelva a consultar la p\u00e1gina web recordar\u00e1 informaci\u00f3n que facilite la navegaci\u00f3n (acceder directamente al servicio sin necesidad de hacer el proceso de conexi\u00f3n) o la prestaci\u00f3n de un servicio comercial (ofrecer aquellos productos o servicios relacionados con anteriores visitas).<\/p>\n\n\n\n<p class=\"has-black-color has-text-color has-link-color wp-elements-9c39070e443af0e55cc1b29c241cb953\">Las cookies intercambiadas al navegar por una p\u00e1gina web pueden ser:<\/p>\n\n\n\n<p class=\"has-black-color has-text-color has-link-color wp-elements-e89401f91da5e1bce7869843ef0bc743\">Cookies de origen o propias:<br>Son cookies generadas por la propia p\u00e1gina web que se est\u00e1 visitando.<\/p>\n\n\n\n<p class=\"has-black-color has-text-color has-link-color wp-elements-aa45d7c440f8872cbd52c267bcba123c\">Cookies de terceros:<br>Son cookies que se reciben al navegar por esta p\u00e1gina web, pero que han sido generadas por un tercer servicio que se encuentra alojado en ella. Un ejemplo puede ser la cookie empleada por un anuncio o banner de publicidad que se encuentra en la p\u00e1gina web que visitamos. Otro puede ser la cookie empleada por un contador de visitantes contratado por la p\u00e1gina web que visitamos.<\/p>\n\n\n\n<p class=\"has-black-color has-text-color has-link-color wp-elements-c7478d0b7b25c27902828546aaf038a8\">Las cookies pueden ser usadas para:<\/p>\n\n\n\n<p class=\"has-black-color has-text-color has-link-color wp-elements-59789ee69afba72953f153f62bba3c77\">Fines t\u00e9cnicos:<br>Son las llamadas tambi\u00e9n \u201cestrictamente necesarias\u201d. Permiten al usuario la navegaci\u00f3n a trav\u00e9s de una p\u00e1gina web, plataforma o aplicaci\u00f3n y la utilizaci\u00f3n de las diferentes opciones o servicios que en ella haya como, por ejemplo, controlar el tr\u00e1fico y la comunicaci\u00f3n de datos, identificar la sesi\u00f3n, acceder a partes de acceso restringido, recordar los elementos que integran un pedido, realizar el proceso de compra de un pedido, realizar la solicitud de inscripci\u00f3n o participaci\u00f3n en un evento, utilizar elementos de seguridad durante la navegaci\u00f3n, almacenar contenidos para la difusi\u00f3n de v\u00eddeos o sonido o compartir contenidos a trav\u00e9s de redes sociales.<\/p>\n\n\n\n<p class=\"has-black-color has-text-color has-link-color wp-elements-0f565c45039b000a835002988c65b69a\">Personalizaci\u00f3n:<br>Hacen posible que cada usuario pueda configurar aspectos como el lenguaje en que desea ver la p\u00e1gina web, formatos de visualizaci\u00f3n, etc.<\/p>\n\n\n\n<p class=\"has-black-color has-text-color has-link-color wp-elements-08fcd79305282f9b7b6d45379f97895a\">An\u00e1lisis o rendimiento:<br>Permiten medir el n\u00famero de visitas y criterios de navegaci\u00f3n de diferentes \u00e1reas del web, aplicaci\u00f3n o plataforma y nos permiten elaborar perfiles de navegaci\u00f3n de los usuarios de estos sitios, aplicaciones y plataformas, con el fin de introducir mejoras en funci\u00f3n del an\u00e1lisis de los datos de uso recogidos que hacen los usuarios del servicio.<\/p>\n\n\n\n<p class=\"has-black-color has-text-color has-link-color wp-elements-096bbeff79ca997913388d1fff44b88b\">Publicidad:<br>Permiten implementar par\u00e1metros de eficiencia en la publicidad ofrecida en las p\u00e1ginas web.<\/p>\n\n\n\n<p class=\"has-black-color has-text-color has-link-color wp-elements-150e9b497a59433d079aec4ce1c30b5a\">Publicidad comportamental:<br>Permiten implementar par\u00e1metros de eficiencia en la publicidad ofrecida en las p\u00e1ginas web, basados en informaci\u00f3n sobre el comportamiento de los usuarios obtenida a trav\u00e9s de la observaci\u00f3n continuada de sus h\u00e1bitos de navegaci\u00f3n, lo que permite desarrollar un perfil espec\u00edfico para mostrar publicidad en funci\u00f3n del mismo.<\/p>\n\n\n\n<p class=\"has-black-color has-text-color has-link-color wp-elements-c16d3e5a720af2ce258e5578aa306a6b\">DETALLE DE COOKIES UTILIZADAS<br>El sitio web de ATICA MAVERICK S.L. utiliza cookies para el correcto funcionamiento y visualizaci\u00f3n de los sitios web por parte del usuario, as\u00ed como la recogida de estad\u00edsticas. En concreto, se utilizan las siguientes cookies:<\/p>\n\n\n\n<p class=\"has-black-color has-text-color has-link-color wp-elements-db97acf34bf445f9eb44d2d76560628a\">Idioma (Para guardar el idioma seleccionado por el usuario)<br>Aceptaci\u00f3n de Cookies (para recordar que se ha aceptado el uso de cookies)<br>Sesi\u00f3n (guarda la \u00faltima fecha de conexi\u00f3n a la web)<br>Ninguna de ellas guarda ning\u00fan tipo de datos del usuario.<\/p>\n\n\n\n<p class=\"has-black-color has-text-color has-link-color wp-elements-b83f605a24161c25acba339c2042a2ee\">SERVICIOS DE TERCEROS<br>Adicionalmente, ATICA MAVERICK S.L. tiene presencia en portales y servicios de terceros para los cuales, si desea conocer las condiciones de privacidad y uso de cookies, se deben consultar las pol\u00edticas proporcionadas por los mismos:<\/p>\n\n\n\n<p class=\"has-black-color has-text-color has-link-color wp-elements-6a7ce86140e64f67a471c523f26c1d89\">Facebook: <a href=\"https:\/\/es-es.facebook.com\/help\/cookies\">https:\/\/es-es.facebook.com\/help\/cookies<\/a><br>Twitter: <a href=\"https:\/\/twitter.com\/privacy\">https:\/\/twitter.com\/privacy<\/a><br>YouTube: <a href=\"https:\/\/www.google.es\/intl\/es\/policies\/technologies\/cookies\/\">https:\/\/www.google.es\/intl\/es\/policies\/technologies\/cookies\/<\/a><br>LinkedIn: <a href=\"http:\/\/www.linkedin.com\/legal\/privacy-policy\">http:\/\/www.linkedin.com\/legal\/privacy-policy<\/a><br>Google+: <a href=\"https:\/\/www.google.es\/intl\/es\/policies\/technologies\/cookies\/\"> https:\/\/www.google.es\/intl\/es\/policies\/technologies\/cookies\/<\/a><br>Instagram: <a href=\"https:\/\/www.facebook.com\/policies\/cookies\/\">https:\/\/www.facebook.com\/policies\/cookies\/<\/a><\/p>\n\n\n\n<p class=\"has-black-color has-text-color has-link-color wp-elements-f2d0827af9857d31ec30b95d820a7aea\">ACEPTACI\u00d3N DE LA POL\u00cdTICA DE COOKIES<br>ATICA MAVERICK S.L. muestra informaci\u00f3n sobre su Pol\u00edtica de Cookies en la parte inferior de la p\u00e1gina inicial del sitio web con cada inicio de sesi\u00f3n con el objeto de que usted sea consciente.<\/p>\n\n\n\n<p class=\"has-black-color has-text-color has-link-color wp-elements-33ffcaddad0513b1c32a93e384bf9121\">Ante esta informaci\u00f3n es posible llevar a cabo las siguientes acciones:<\/p>\n\n\n\n<p class=\"has-black-color has-text-color has-link-color wp-elements-922f3dba620afc1996a8e9e63d968cd3\">Aceptar las Cookies: No se volver\u00e1 a visualizar este aviso al acceder a cualquier p\u00e1gina del portal durante la presente sesi\u00f3n.<br>Modificar la configuraci\u00f3n: M\u00e1s adelante le damos informaci\u00f3n sobre c\u00f3mo modificar la configuraci\u00f3n de su navegador para restringir o bloquear las cookies en cualquier momento. En el caso de restringir o bloquear las cookies puede ver reducidas las funcionalidades del web.<br>Seguir navegando o moverse por la barra de desplazamiento: En este caso se ir\u00e1 dando por consentido.<\/p>\n\n\n\n<p class=\"has-black-color has-text-color has-link-color wp-elements-0682dc56247f09f90169e9d0370be4a5\">C\u00d3MO MODIFICAR LA CONFIGURACI\u00d3N DE LAS COOKIES<br>Usted puede restringir, bloquear o borrar las cookies de ATICA MAVERICK S.L. o cualquier otra p\u00e1gina web, utilizando su navegador. En cada navegador la operativa es diferente, la funci\u00f3n de \u201cAyuda\u201d le mostrar\u00e1 c\u00f3mo hacerlo:<\/p>\n\n\n\n<p class=\"has-black-color has-text-color has-link-color wp-elements-80807156047c1ef0c339bd6fac2fa1d7\">Internet Explorer: <a href=\"https:\/\/support.microsoft.com\/es-es\/help\/17442\/windows-internet-explorer-delete-manage-cookies#ie=\">https:\/\/support.microsoft.com\/es-es\/help\/17442\/windows-internet-explorer-delete-manage-cookies#ie=<\/a><br>FireFox: <a href=\"https:\/\/support.mozilla.org\/es\/kb\/Borrar%20cookies\">https:\/\/support.mozilla.org\/es\/kb\/Borrar%20cookies<\/a><br>Chrome: <a href=\"https:\/\/support.google.com\/chrome\/answer\/95647?hl=\u201des\u201d\">https:\/\/support.google.com\/chrome\/answer\/95647?hl=\u201des\u201d<\/a><br>Safari: <a href=\"https:\/\/www.apple.com\/legal\/privacy\/es\/cookies\/\">https:\/\/www.apple.com\/legal\/privacy\/es\/cookies\/<\/a><\/p>\n\n\n\n<p class=\"has-black-color has-text-color has-link-color wp-elements-715e5992734fdbf302f71918b9692ae2\">Adem\u00e1s, tambi\u00e9n puede gestionar el almacenamiento de cookies en su navegador a trav\u00e9s de herramientas como las siguientes:<\/p>\n\n\n\n<p class=\"has-black-color has-text-color has-link-color wp-elements-a77707f8e2127a35117177b22d1f5acb\">Ghostery: <a href=\"https:\/\/www.ghostery.com\/\">https:\/\/www.ghostery.com\/<\/a><br>Your online choices: <a href=\"http:\/\/www.youronlinechoices.com\/es\/\">http:\/\/www.youronlinechoices.com\/es\/<\/a><\/p>\n","protected":false},"excerpt":{"rendered":"<p>Pol\u00edtica de CookiesEn cumplimiento con lo establecido en la Ley 34\/2002 de 11 de Julio, de Servicios de la Sociedad de la Informaci\u00f3n y el Comercio Electr\u00f3nico (LSSICE), se informa de los siguientes aspectos legales: PROPIEDAD DEL SITIO WEBResponsable: ATICA MAVERICK S.L.NIF: B67569327Direcci\u00f3n: Calle de Antonio Machada 65, Planta 2A, 08840Tel\u00e9fono: 674949008Email: info@atica-maverick.comRegistro Mercantil de [&hellip;]<\/p>\n","protected":false},"author":1,"featured_media":0,"parent":0,"menu_order":0,"comment_status":"closed","ping_status":"closed","template":"","meta":{"footnotes":""},"class_list":["post-1270","page","type-page","status-publish","hentry"],"_links":{"self":[{"href":"https:\/\/atica-maverick.com\/es_es\/wp-json\/wp\/v2\/pages\/1270","targetHints":{"allow":["GET"]}}],"collection":[{"href":"https:\/\/atica-maverick.com\/es_es\/wp-json\/wp\/v2\/pages"}],"about":[{"href":"https:\/\/atica-maverick.com\/es_es\/wp-json\/wp\/v2\/types\/page"}],"author":[{"embeddable":true,"href":"https:\/\/atica-maverick.com\/es_es\/wp-json\/wp\/v2\/users\/1"}],"replies":[{"embeddable":true,"href":"https:\/\/atica-maverick.com\/es_es\/wp-json\/wp\/v2\/comments?post=1270"}],"version-history":[{"count":6,"href":"https:\/\/atica-maverick.com\/es_es\/wp-json\/wp\/v2\/pages\/1270\/revisions"}],"predecessor-version":[{"id":1295,"href":"https:\/\/atica-maverick.com\/es_es\/wp-json\/wp\/v2\/pages\/1270\/revisions\/1295"}],"wp:attachment":[{"href":"https:\/\/atica-maverick.com\/es_es\/wp-json\/wp\/v2\/media?parent=1270"}],"curies":[{"name":"wp","href":"https:\/\/api.w.org\/{rel}","templated":true}]}}