{"id":1274,"date":"2024-07-02T20:31:42","date_gmt":"2024-07-02T18:31:42","guid":{"rendered":"https:\/\/atica-maverick.com\/?page_id=1274"},"modified":"2024-07-07T15:21:19","modified_gmt":"2024-07-07T13:21:19","slug":"avis-legal","status":"publish","type":"page","link":"https:\/\/atica-maverick.com\/es_es\/avis-legal\/","title":{"rendered":"Av\u00eds Legal"},"content":{"rendered":"\n<p class=\"has-black-color has-text-color has-link-color wp-elements-fd3e362f7db2c7b20a6c740f6e848266\">AVISO LEGAL<\/p>\n\n\n\n<p class=\"has-black-color has-text-color has-link-color wp-elements-d84b7ee368b92cb2db28aed326f44cde\">En cumplimiento con lo establecido en la Ley 34\/2002 de 11 de Julio, de Servicios de la Sociedad de la Informaci\u00f3n y del Comercio Electr\u00f3nico (LSSICE), se informa de los siguientes aspectos legales:<\/p>\n\n\n\n<p class=\"has-black-color has-text-color has-link-color wp-elements-df60dbb72168c61814fd2fb41242d546\">PROPIEDAD DEL SITIO WEB<\/p>\n\n\n\n<p class=\"has-black-color has-text-color has-link-color wp-elements-b9375b25917ec054ad0159ae3d694831\">Responsable: ATICA MAVERICK S.L.\u00a0\u00a0<\/p>\n\n\n\n<p class=\"has-black-color has-text-color has-link-color wp-elements-5ea431b9e59304047d05fba82c413071\">NIF: B67569327<\/p>\n\n\n\n<p class=\"has-black-color has-text-color has-link-color wp-elements-d46e0b2d027802967c3b7c4f41ab9b04\">Direcci\u00f3n: Calle de Antonio Machada 65, Planta 2A, 08840\u00a0\u00a0<\/p>\n\n\n\n<p class=\"has-black-color has-text-color has-link-color wp-elements-e634444c816edf06ba90a3bce7a4e8e8\">Tel\u00e9fono: 674949008\u00a0\u00a0<\/p>\n\n\n\n<p class=\"has-black-color has-text-color has-link-color wp-elements-0bda72b2a99350854d888c63b5e93cc3\">Email: info@atica-maverick.com\u00a0\u00a0<\/p>\n\n\n\n<p class=\"has-black-color has-text-color has-link-color wp-elements-366e81977f108e0d70075bfe19b05389\">Registro Mercantil de Barcelona, Tom 47211, Foli 93, Full 544857, Insc. 1\u00a0\u00a0<\/p>\n\n\n\n<p class=\"has-black-color has-text-color has-link-color wp-elements-0089782866a94365f8b3f4e0030ed51f\">Actividad: Distribuci\u00f3n comercial de productos\u00a0alimenticios<\/p>\n\n\n\n<p class=\"has-black-color has-text-color has-link-color wp-elements-398a038e8d63de4f9e62be500cf36aa7\">CONDICIONES GENERALES DE USO<\/p>\n\n\n\n<p class=\"has-black-color has-text-color has-link-color wp-elements-d638e8bf1fe4051b59045253ea8aa119\">Todos los elementos que forman el sitio web, as\u00ed como su estructura, dise\u00f1o, c\u00f3digo fuente, as\u00ed como los logotipos, marcas y otros signos distintivos que aparecen en el mismo, son titularidad de ATICA MAVERICK S.L. o de sus colaboradores y est\u00e1n protegidos por los correspondientes derechos de propiedad intelectual e industrial.<\/p>\n\n\n\n<p class=\"has-black-color has-text-color has-link-color wp-elements-ab9767f4ad4fff2b59ad6a22e307a394\">Igualmente est\u00e1n protegidos por los correspondientes derechos de propiedad intelectual e industrial las im\u00e1genes y otros elementos gr\u00e1ficos incluidos en el sitio web.<\/p>\n\n\n\n<p class=\"has-black-color has-text-color has-link-color wp-elements-e9ba771e87bf0924d35444e52c14b06f\">ATICA MAVERICK S.L. proh\u00edbe expresamente la realizaci\u00f3n de \u00abframing\u00bb o la utilizaci\u00f3n por parte de terceros de cualesquiera otros mecanismos que alteren el dise\u00f1o, configuraci\u00f3n original o contenidos de nuestro sitio web.<\/p>\n\n\n\n<p class=\"has-black-color has-text-color has-link-color wp-elements-e14ccfa8bdc0a227209356e07ac90d62\">El uso de los contenidos debe respetar su licenciamiento particular. De tal manera su uso, reproducci\u00f3n, distribuci\u00f3n, comunicaci\u00f3n p\u00fablica, transformaci\u00f3n o cualquier otra actividad similar o an\u00e1loga, queda totalmente prohibida salvo que haya previa y expresa autorizaci\u00f3n de ATICA MAVERICK S.L..<\/p>\n\n\n\n<p class=\"has-black-color has-text-color has-link-color wp-elements-6a6593933a7b74585f66a4643ae753fc\">\u00danicamente se autoriza la reproducci\u00f3n total o parcial de los textos y contenidos proporcionados por el sitio web, siempre que concurran todas y cada una de las siguientes condiciones:<\/p>\n\n\n\n<p class=\"has-black-color has-text-color has-link-color wp-elements-dd63406d0a8b9db02448f3738c7dd001\">1. Se mantenga la integridad de los contenidos, documentos o gr\u00e1ficos.<\/p>\n\n\n\n<p class=\"has-black-color has-text-color has-link-color wp-elements-16b42b294e036e943a8f4f1c1db16455\">2. Se cite expresamente a ATICA MAVERICK S.L. como fuente y origen de aquellos.<\/p>\n\n\n\n<p class=\"has-black-color has-text-color has-link-color wp-elements-6cf617abf15c26582d54f217f7f9b382\">3. El prop\u00f3sito y la finalidad de tal uso sea compatible con los fines de la web y\/o actividad de ATICA MAVERICK S.L..<\/p>\n\n\n\n<p class=\"has-black-color has-text-color has-link-color wp-elements-e093121a02bf6c3bfd71d075f4000162\">4. No se pretenda un uso comercial, quedando expresamente prohibidas su distribuci\u00f3n, comunicaci\u00f3n p\u00fablica, transformaci\u00f3n o descompilaci\u00f3n.<\/p>\n\n\n\n<p class=\"has-black-color has-text-color has-link-color wp-elements-a95f43a948ef97ccc9a87b6b3dabc2fb\">Cualquier otro uso deber\u00e1 ser comunicado y autorizado por ATICA MAVERICK S.L. , previa y expresamente.<\/p>\n\n\n\n<p class=\"has-black-color has-text-color has-link-color wp-elements-f41081097531f3df32ab27a3edfbb362\">Respecto a las citas de productos y servicios de terceros, ATICA MAVERICK S.L. reconoce a favor de sus titulares los correspondientes derechos de propiedad industrial e intelectual, no implicando su solo menci\u00f3n o aparici\u00f3n en la web la existencia de derechos ni de responsabilidad alguna sobre los mismos, como tampoco respaldo, patrocinio o recomendaci\u00f3n.<\/p>\n\n\n\n<p class=\"has-black-color has-text-color has-link-color wp-elements-07b7b99ea29bcf92466546a741ddf101\">ATICA MAVERICK S.L. declara su respeto a los derechos de propiedad intelectual e industrial de terceros; por ello, si considera que nuestro sitio web pudiera estar violando sus derechos, rogamos se ponga en contacto con ATICA MAVERICK S.L..<\/p>\n\n\n\n<p class=\"has-black-color has-text-color has-link-color wp-elements-65d10be4dd281db850407e2e9e0c0823\">RESPONSABILIDAD<\/p>\n\n\n\n<p class=\"has-black-color has-text-color has-link-color wp-elements-6a9db92bd93a765ee144f8c392652d49\">ATICA MAVERICK S.L. no garantiza la inexistencia de errores en el acceso a la web, en su contenido, ni que \u00e9ste se encuentre actualizado, aunque ATICA MAVERICK S.L. desarrollar\u00e1 sus mejores esfuerzos para, en su caso, evitarlos, resolverlos o actualizarlos.<\/p>\n\n\n\n<p class=\"has-black-color has-text-color has-link-color wp-elements-d1d13faa525e3aa0c33e465d64accbec\">Tanto el acceso al sitio web de ATICA MAVERICK S.L., como el uso que pueda hacerse de la informaci\u00f3n contenida en los mismos es de la exclusiva responsabilidad de quien lo realiza.<\/p>\n\n\n\n<p class=\"has-black-color has-text-color has-link-color wp-elements-639ff6c327ac16a370f8f94a6ba94032\">ATICA MAVERICK S.L. no se hace responsable de la informaci\u00f3n y contenidos almacenados, a t\u00edtulo enunciativo pero no limitativo, en foros, chats, blogs, comentarios, redes sociales o cualquier otro medio que permita a terceros publicar contenidos de forma independiente a la p\u00e1gina web de ATICA MAVERICK S.L..<\/p>\n\n\n\n<p class=\"has-black-color has-text-color has-link-color wp-elements-202eff3bdc938cd91bd54eb13a699497\">No obstante y en cumplimiento de lo dispuesto en la LSSI, ATICA MAVERICK S.L. se pone a disposici\u00f3n de todos los usuarios, autoridades y fuerzas de seguridad, y colaborando de forma activa en la retirada o en su caso bloqueo de todos aquellos contenidos que pudieran afectar o contravenir la legislaci\u00f3n nacional, o internacional, derechos de terceros o la moral y el orden p\u00fablico. En caso de que el usuario considere que existe en el sitio web alg\u00fan contenido que pudiera ser susceptible de esta clasificaci\u00f3n, rogamos se ponga en contacto con ATICA MAVERICK S.L..<\/p>\n\n\n\n<p class=\"has-black-color has-text-color has-link-color wp-elements-9a4927bed3cc85635918701b8949d940\">ATICA MAVERICK S.L. no se responsabiliza de las contestaciones que se realicen a trav\u00e9s de las diferentes direcciones de correo electr\u00f3nico que aparecen en su sitio web, de manera que en ning\u00fan caso podr\u00e1 derivarse efecto jur\u00eddico vinculante de las mismas.<\/p>\n\n\n\n<p class=\"has-black-color has-text-color has-link-color wp-elements-78a87ca79ed0c7b91a106f5cfd59cbbc\">ENLACES O HIPERV\u00cdNCULOS<\/p>\n\n\n\n<p class=\"has-black-color has-text-color has-link-color wp-elements-612dbfc67449917a7066c30b8778d0de\">Los enlaces contenidos en nuestro sitio web pueden dirigir a contenidos Web de terceros. El objetivo de estos enlaces es \u00fanicamente facilitarle la b\u00fasqueda de los recursos que le puedan interesar a trav\u00e9s de Internet. No obstante, estas p\u00e1ginas no pertenecen a ATICA MAVERICK S.L., ni hace una revisi\u00f3n de sus contenidos y, por ello, ATICA MAVERICK S.L. no asume ninguna responsabilidad por el contenido, informaciones o servicios que pudieran aparecer en dichos sitios, que tendr\u00e1n exclusivamente car\u00e1cter informativo y que en ning\u00fan caso implican relaci\u00f3n alguna entre ATICA MAVERICK S.L. y las personas o entidades titulares de tales contenidos o titulares de otros sitios donde se encuentren. ATICA MAVERICK S.L. tampoco puede hacerse responsable del funcionamiento de la p\u00e1gina enlazada o de los posibles da\u00f1os que puedan derivarse del acceso o uso de la misma.<\/p>\n\n\n\n<p class=\"has-black-color has-text-color has-link-color wp-elements-221f41406cf21d924e336a4cbf209232\">Los enlaces al sitio web de ATICA MAVERICK S.L. deber\u00e1n respetar las siguientes condiciones:<\/p>\n\n\n\n<p class=\"has-black-color has-text-color has-link-color wp-elements-22c7764d630e20e5fd9a290c3fd07ce9\">1. El establecimiento del enlace no supondr\u00e1 ning\u00fan tipo de acuerdo, contrato, patrocinio ni recomendaci\u00f3n por parte de ATICA MAVERICK S.L. de la p\u00e1gina que realiza el enlace.<\/p>\n\n\n\n<p class=\"has-black-color has-text-color has-link-color wp-elements-2fb3e3841ad12603a8d898bec768906e\">2. La p\u00e1gina web en la que se establezca el hiperv\u00ednculo no contendr\u00e1 informaciones con contenidos que sean il\u00edcitos, discriminatorios, contrarios a los principios.<\/p>\n\n\n\n<p class=\"has-black-color has-text-color has-link-color wp-elements-5cc910a0f981c61a9aa1c9d4ae9f2467\">3. ATICA MAVERICK S.L. podr\u00e1 solicitar que se retire un enlace a su web, sin necesidad de alegar causa alguna. En tal caso, la p\u00e1gina que haya realizado el enlace deber\u00e1 proceder a su inmediata supresi\u00f3n, tan pronto como reciba la notificaci\u00f3n de ATICA MAVERICK S.L..<\/p>\n\n\n\n<p class=\"has-black-color has-text-color has-link-color wp-elements-079868bd4dfad0076d4816cffd8280ee\">4. No se responsabiliza de ninguna manera ni garantiza la claridad, exactitud, fiabilidad, correcci\u00f3n o moralidad de contenidos o servicios que el establecimiento del hiperv\u00ednculo pueda ofrecer. El usuario asume bajo su exclusiva responsabilidad las consecuencias, da\u00f1os o acciones que pudieran derivarse del acceso a la p\u00e1gina web del hiperv\u00ednculo.<\/p>\n\n\n\n<p class=\"has-black-color has-text-color has-link-color wp-elements-e1899767897914400068024c412677b0\">5. La p\u00e1gina web en la que se establezca el hiperv\u00ednculo no podr\u00e1 contener marca, denominaci\u00f3n, logotipo, eslogan u otros signos distintivos que pertenezcan a ATICA MAVERICK S.L. excepto aquellos signos que formen parte del mismo hiperv\u00ednculo.<\/p>\n\n\n\n<p class=\"has-black-color has-text-color has-link-color wp-elements-28c23d4996e272eda178eaece7892f13\">PROTECCI\u00d3N DE DATOS PERSONALES<\/p>\n\n\n\n<p class=\"has-black-color has-text-color has-link-color wp-elements-bf539797043eed030bfaa94ae24f0620\">Los datos personales solicitados para la prestaci\u00f3n de nuestros servicios se incluyen en ficheros sometidos a lo dispuesto por la Ley Org\u00e1nica de Protecci\u00f3n de Datos 15\/1999 (LOPD) y al Real Decreto 1720\/2007, de 21 de diciembre, por el que se aprueba el reglamento de desarrollo de la misma (RLOPD) y el Reglamento General de Protecci\u00f3n de Datos (RGPD) 2016\/679.<\/p>\n\n\n\n<p class=\"has-black-color has-text-color has-link-color wp-elements-7b6481df0afb7ed9bc81fdf5b20c5b9f\">La recogida y tratamiento de estos datos se llevan a cabo por ATICA MAVERICK S.L., y tienen por finalidad la gesti\u00f3n, prestaci\u00f3n, ampliaci\u00f3n y mejora de los servicios solicitados en cada momento por el usuario, el seguimiento de consultas, participaci\u00f3n en procesos de selecci\u00f3n de personal, comunicaciones electr\u00f3nicas y\/o la confecci\u00f3n de estad\u00edsticas.<\/p>\n\n\n\n<p class=\"has-black-color has-text-color has-link-color wp-elements-6e590b2e28e714dba8558dedf8274365\">Los servicios prestados por ATICA MAVERICK S.L. est\u00e1n dirigidos a mayores de 14 a\u00f1os. En el supuesto excepcional que se desarrollase alg\u00fan servicio dirigido espec\u00edficamente a menores de dicha edad, ATICA MAVERICK S.L. solicitar\u00e1 la conformidad de los padres o tutores para la recogida de los datos personales o, en su caso, para el tratamiento automatizado de los datos.<\/p>\n\n\n\n<p class=\"has-black-color has-text-color has-link-color wp-elements-abff90ef556052b3a50505d855ec3d35\">ATICA MAVERICK S.L. se compromete a cumplir con su obligaci\u00f3n de secreto respecto de los datos de car\u00e1cter personal y su deber de guardarlos, y adoptar\u00e1 todas las medidas de seguridad necesarias para evitar su alteraci\u00f3n, p\u00e9rdida, tratamiento o acceso no autorizado, de acuerdo con lo establecido por la normativa aplicable.<\/p>\n\n\n\n<p class=\"has-black-color has-text-color has-link-color wp-elements-a85cac39ce03e9d5270965c4f3dbeb20\">Igualmente, el usuario queda informado de que puede ejercitar los derechos de acceso, rectificaci\u00f3n, cancelaci\u00f3n y oposici\u00f3n, as\u00ed como otros derechos reconocidos por la normativa vigente, dirigi\u00e9ndose por escrito a Calle de Antonio Machada 65, Planta 2A, 08840 o a trav\u00e9s del correo electr\u00f3nico info@atica-maverick.com, adjuntando en ambos casos una copia de su DNI u otro documento identificativo similar.<\/p>\n\n\n\n<p class=\"has-black-color has-text-color has-link-color wp-elements-8bee46b4c52052bb62f1bf355fa523c1\">La navegaci\u00f3n por la p\u00e1gina web de ATICA MAVERICK S.L. deja como rastro la fecha y hora de la \u00faltima visita, el dise\u00f1o de contenidos que el usuario escogi\u00f3 en su primera visita y otros elementos de seguridad que intervienen en el control de acceso a \u00e1reas restringidas.<\/p>\n\n\n\n<p class=\"has-black-color has-text-color has-link-color wp-elements-74680ccc89c51bcff8a53103ae38ae2d\">USO DE COOKIES<\/p>\n\n\n\n<p class=\"has-black-color has-text-color has-link-color wp-elements-0c7e63e3a891926f534f846662442b26\">El acceso a esta web puede implicar la utilizaci\u00f3n de cookies. Las cookies son peque\u00f1as cantidades de informaci\u00f3n que se almacenan en el navegador utilizado por cada usuario para que el servidor recuerde cierta informaci\u00f3n que posteriormente pueda utilizar. Esta informaci\u00f3n permite identificarle como un usuario concreto y permite guardar sus preferencias personales, as\u00ed como informaci\u00f3n t\u00e9cnica como pueden ser visitas o p\u00e1ginas concretas que visite.<\/p>\n\n\n\n<p class=\"has-black-color has-text-color has-link-color wp-elements-3b882cfa71f9bff7843b6052bca9b10a\">Aquellos usuarios que no deseen recibir cookies o quieran ser informados antes de que se almacenen en su ordenador, pueden configurar su navegador a tal efecto.<\/p>\n\n\n\n<p class=\"has-black-color has-text-color has-link-color wp-elements-28c23d4996e272eda178eaece7892f13\">PROTECCI\u00d3N DE DATOS PERSONALES<\/p>\n\n\n\n<p class=\"has-black-color has-text-color has-link-color wp-elements-204530836fba04515f4ee8656b2b8434\">En cumplimiento de lo dispuesto en el Reglamento General de Protecci\u00f3n de Datos (RGPD) de la UE 2016\/679, ATICA MAVERICK S.L informa a los usuarios de su sitio web de que los datos personales recabados por la empresa mediante los formularios situados en sus p\u00e1ginas ser\u00e1n introducidos en un fichero automatizado bajo la responsabilidad de ATICA MAVERICK S.L., con la finalidad de poder facilitar, agilizar y cumplir los compromisos establecidos entre ambas partes.<\/p>\n\n\n\n<p class=\"has-black-color has-text-color has-link-color wp-elements-f7846175beae87b560f4f60f33ed8013\">Asimismo, ATICA MAVERICK S.L. informa de la posibilidad de ejercer los derechos de acceso, rectificaci\u00f3n, cancelaci\u00f3n y oposici\u00f3n mediante un escrito a la direcci\u00f3n Calle de Antonio Machada 65, Planta 2A, 08840 o al correo electr\u00f3nico info@atica-maverick.com.<\/p>\n\n\n\n<p class=\"has-black-color has-text-color has-link-color wp-elements-70eb7acb0dd779067217d7bc6eca5442\">Mientras el usuario no comunique lo contrario a ATICA MAVERICK S.L., \u00e9sta entender\u00e1 que sus datos no han sido modificados, que el usuario se compromete a notificar a ATICA MAVERICK S.L. cualquier variaci\u00f3n y que ATICA MAVERICK S.L. tiene el consentimiento para utilizarlos a fin de poder fidelizar la relaci\u00f3n entre las partes.<\/p>\n\n\n\n<p class=\"has-black-color has-text-color has-link-color wp-elements-40ad5771d15daf087326dbea267ba012\">LEGISLACI\u00d3N APLICABLE Y JURISDICCI\u00d3N<\/p>\n\n\n\n<p class=\"has-black-color has-text-color has-link-color wp-elements-c34ec127892c0018b718e20d04b437bd\">Con car\u00e1cter general, las relaciones entre ATICA MAVERICK S.L. con los usuarios de sus servicios telem\u00e1ticos, presentes en este sitio web, se encuentran sometidas a la legislaci\u00f3n y jurisdicci\u00f3n espa\u00f1olas.<\/p>\n\n\n\n<p class=\"has-black-color has-text-color has-link-color wp-elements-194864b93444247ac35e60c16c3add0a\">CONTACTO<\/p>\n\n\n\n<p class=\"has-black-color has-text-color has-link-color wp-elements-d28354899af509f40557df854653faed\">En caso de que cualquier usuario tuviese alguna duda acerca de estas Condiciones legales o cualquier comentario sobre el portal ATICA MAVERICK S.L., por favor dir\u00edjase a info@atica-maverick.com.<\/p>\n","protected":false},"excerpt":{"rendered":"<p>AVISO LEGAL En cumplimiento con lo establecido en la Ley 34\/2002 de 11 de Julio, de Servicios de la Sociedad de la Informaci\u00f3n y del Comercio Electr\u00f3nico (LSSICE), se informa de los siguientes aspectos legales: PROPIEDAD DEL SITIO WEB Responsable: ATICA MAVERICK S.L.\u00a0\u00a0 NIF: B67569327 Direcci\u00f3n: Calle de Antonio Machada 65, Planta 2A, 08840\u00a0\u00a0 Tel\u00e9fono: [&hellip;]<\/p>\n","protected":false},"author":1,"featured_media":0,"parent":0,"menu_order":0,"comment_status":"closed","ping_status":"closed","template":"","meta":{"footnotes":""},"class_list":["post-1274","page","type-page","status-publish","hentry"],"_links":{"self":[{"href":"https:\/\/atica-maverick.com\/es_es\/wp-json\/wp\/v2\/pages\/1274","targetHints":{"allow":["GET"]}}],"collection":[{"href":"https:\/\/atica-maverick.com\/es_es\/wp-json\/wp\/v2\/pages"}],"about":[{"href":"https:\/\/atica-maverick.com\/es_es\/wp-json\/wp\/v2\/types\/page"}],"author":[{"embeddable":true,"href":"https:\/\/atica-maverick.com\/es_es\/wp-json\/wp\/v2\/users\/1"}],"replies":[{"embeddable":true,"href":"https:\/\/atica-maverick.com\/es_es\/wp-json\/wp\/v2\/comments?post=1274"}],"version-history":[{"count":6,"href":"https:\/\/atica-maverick.com\/es_es\/wp-json\/wp\/v2\/pages\/1274\/revisions"}],"predecessor-version":[{"id":1296,"href":"https:\/\/atica-maverick.com\/es_es\/wp-json\/wp\/v2\/pages\/1274\/revisions\/1296"}],"wp:attachment":[{"href":"https:\/\/atica-maverick.com\/es_es\/wp-json\/wp\/v2\/media?parent=1274"}],"curies":[{"name":"wp","href":"https:\/\/api.w.org\/{rel}","templated":true}]}}