{"id":134,"date":"2024-02-20T15:09:26","date_gmt":"2024-02-20T14:09:26","guid":{"rendered":"http:\/\/www.atica-maverick.com\/?page_id=134"},"modified":"2024-07-18T17:22:39","modified_gmt":"2024-07-18T15:22:39","slug":"contact-us","status":"publish","type":"page","link":"https:\/\/atica-maverick.com\/es_es\/contact-us\/","title":{"rendered":"Contact Us"},"content":{"rendered":"\t\t<div data-elementor-type=\"wp-page\" data-elementor-id=\"134\" class=\"elementor elementor-134\">\n\t\t\t\t\t\t<section class=\"elementor-section elementor-top-section elementor-element elementor-element-6e0b03fe elementor-section-boxed elementor-section-height-default elementor-section-height-default\" data-id=\"6e0b03fe\" data-element_type=\"section\" data-settings=\"{&quot;background_background&quot;:&quot;classic&quot;}\">\n\t\t\t\t\t\t<div class=\"elementor-container elementor-column-gap-default\">\n\t\t\t\t\t<div class=\"elementor-column elementor-col-100 elementor-top-column elementor-element elementor-element-3cdfbe61\" data-id=\"3cdfbe61\" data-element_type=\"column\">\n\t\t\t<div class=\"elementor-widget-wrap elementor-element-populated\">\n\t\t\t\t\t\t<div class=\"elementor-element elementor-element-5a39fe04 animated-slow elementor-invisible elementor-widget elementor-widget-heading\" data-id=\"5a39fe04\" data-element_type=\"widget\" data-settings=\"{&quot;_animation&quot;:&quot;fadeInUp&quot;}\" data-widget_type=\"heading.default\">\n\t\t\t\t<div class=\"elementor-widget-container\">\n\t\t\t<style>\/*! elementor - v3.19.0 - 07-02-2024 *\/\n.elementor-heading-title{padding:0;margin:0;line-height:1}.elementor-widget-heading .elementor-heading-title[class*=elementor-size-]>a{color:inherit;font-size:inherit;line-height:inherit}.elementor-widget-heading .elementor-heading-title.elementor-size-small{font-size:15px}.elementor-widget-heading .elementor-heading-title.elementor-size-medium{font-size:19px}.elementor-widget-heading .elementor-heading-title.elementor-size-large{font-size:29px}.elementor-widget-heading .elementor-heading-title.elementor-size-xl{font-size:39px}.elementor-widget-heading .elementor-heading-title.elementor-size-xxl{font-size:59px}<\/style><h2 class=\"elementor-heading-title elementor-size-default\">CONT\u00c1CTENOS<\/h2>\t\t<\/div>\n\t\t\t\t<\/div>\n\t\t\t\t<div class=\"elementor-element elementor-element-4857162 animated-slow elementor-invisible elementor-widget elementor-widget-heading\" data-id=\"4857162\" data-element_type=\"widget\" data-settings=\"{&quot;_animation&quot;:&quot;fadeInUp&quot;,&quot;_animation_delay&quot;:100}\" data-widget_type=\"heading.default\">\n\t\t\t\t<div class=\"elementor-widget-container\">\n\t\t\t<h2 class=\"elementor-heading-title elementor-size-default\">CONT\u00c1CTANOS<\/h2>\t\t<\/div>\n\t\t\t\t<\/div>\n\t\t\t\t<section class=\"elementor-section elementor-top-section elementor-element elementor-element-6612d05f elementor-section-full_width elementor-section-content-middle elementor-section-height-default elementor-section-height-default\" data-id=\"6612d05f\" data-element_type=\"section\" data-settings=\"{&quot;background_background&quot;:&quot;classic&quot;}\">\n\t\t\t\t\t\t<div class=\"elementor-container elementor-column-gap-default\">\n\t\t\t\t\t<div class=\"elementor-column elementor-col-50 elementor-top-column elementor-element elementor-element-24f8a6f7\" data-id=\"24f8a6f7\" data-element_type=\"column\">\n\t\t\t<div class=\"elementor-widget-wrap elementor-element-populated\">\n\t\t\t\t\t\t<div class=\"elementor-element elementor-element-3ab049d animated-slow elementor-invisible elementor-widget elementor-widget-heading\" data-id=\"3ab049d\" data-element_type=\"widget\" data-settings=\"{&quot;_animation&quot;:&quot;fadeInUp&quot;}\" data-widget_type=\"heading.default\">\n\t\t\t\t<div class=\"elementor-widget-container\">\n\t\t\t<h2 class=\"elementor-heading-title elementor-size-default\">EMAIL<\/h2>\t\t<\/div>\n\t\t\t\t<\/div>\n\t\t\t\t<div class=\"elementor-element elementor-element-52052f8c elementor-widget elementor-widget-heading\" data-id=\"52052f8c\" data-element_type=\"widget\" data-widget_type=\"heading.default\">\n\t\t\t\t<div class=\"elementor-widget-container\">\n\t\t\t<h4 class=\"elementor-heading-title elementor-size-default\"><a href=\"mailto:info@atica-maverick.com\">info@atica-maverick.com<\/a><\/h4>\t\t<\/div>\n\t\t\t\t<\/div>\n\t\t\t\t<div class=\"elementor-element elementor-element-334a8a53 animated-slow elementor-invisible elementor-widget elementor-widget-heading\" data-id=\"334a8a53\" data-element_type=\"widget\" data-settings=\"{&quot;_animation&quot;:&quot;fadeInUp&quot;}\" data-widget_type=\"heading.default\">\n\t\t\t\t<div class=\"elementor-widget-container\">\n\t\t\t<h2 class=\"elementor-heading-title elementor-size-default\">TEL\u00c9FONO DE CONTACTO<\/h2>\t\t<\/div>\n\t\t\t\t<\/div>\n\t\t\t\t\t<\/div>\n\t\t<\/div>\n\t\t\t\t<div class=\"elementor-column elementor-col-50 elementor-top-column elementor-element elementor-element-428f677e\" data-id=\"428f677e\" data-element_type=\"column\">\n\t\t\t<div class=\"elementor-widget-wrap elementor-element-populated\">\n\t\t\t\t\t\t<div class=\"elementor-element elementor-element-52f0e7cf animated-slow elementor-invisible elementor-widget elementor-widget-heading\" data-id=\"52f0e7cf\" data-element_type=\"widget\" data-settings=\"{&quot;_animation&quot;:&quot;fadeInUp&quot;}\" data-widget_type=\"heading.default\">\n\t\t\t\t<div class=\"elementor-widget-container\">\n\t\t\t<h2 class=\"elementor-heading-title elementor-size-default\">VIS\u00cdTANOS EN<\/h2>\t\t<\/div>\n\t\t\t\t<\/div>\n\t\t\t\t<div class=\"elementor-element elementor-element-45d7780 elementor-widget elementor-widget-text-editor\" data-id=\"45d7780\" data-element_type=\"widget\" data-widget_type=\"text-editor.default\">\n\t\t\t\t<div class=\"elementor-widget-container\">\n\t\t\t<style>\/*! elementor - v3.19.0 - 07-02-2024 *\/\n.elementor-widget-text-editor.elementor-drop-cap-view-stacked .elementor-drop-cap{background-color:#69727d;color:#fff}.elementor-widget-text-editor.elementor-drop-cap-view-framed .elementor-drop-cap{color:#69727d;border:3px solid;background-color:transparent}.elementor-widget-text-editor:not(.elementor-drop-cap-view-default) .elementor-drop-cap{margin-top:8px}.elementor-widget-text-editor:not(.elementor-drop-cap-view-default) .elementor-drop-cap-letter{width:1em;height:1em}.elementor-widget-text-editor .elementor-drop-cap{float:left;text-align:center;line-height:1;font-size:50px}.elementor-widget-text-editor .elementor-drop-cap-letter{display:inline-block}<\/style>\t\t\t\t<p>Bio-Edificio S\u00f3crates<\/p><p><span style=\"color: var( --e-global-color-text );\">Avenida Antonio Machado 65, planta 2A<\/span><\/p><p>08840 Viladecans,\u00a0<span style=\"color: var( --e-global-color-text );\">Espa\u00f1a<\/span><\/p>\t\t\t\t\t\t<\/div>\n\t\t\t\t<\/div>\n\t\t\t\t<div class=\"elementor-element elementor-element-51c0a1fb elementor-widget elementor-widget-spacer\" data-id=\"51c0a1fb\" data-element_type=\"widget\" data-widget_type=\"spacer.default\">\n\t\t\t\t<div class=\"elementor-widget-container\">\n\t\t\t<style>\/*! elementor - v3.19.0 - 07-02-2024 *\/\n.elementor-column .elementor-spacer-inner{height:var(--spacer-size)}.e-con{--container-widget-width:100%}.e-con-inner>.elementor-widget-spacer,.e-con>.elementor-widget-spacer{width:var(--container-widget-width,var(--spacer-size));--align-self:var(--container-widget-align-self,initial);--flex-shrink:0}.e-con-inner>.elementor-widget-spacer>.elementor-widget-container,.e-con>.elementor-widget-spacer>.elementor-widget-container{height:100%;width:100%}.e-con-inner>.elementor-widget-spacer>.elementor-widget-container>.elementor-spacer,.e-con>.elementor-widget-spacer>.elementor-widget-container>.elementor-spacer{height:100%}.e-con-inner>.elementor-widget-spacer>.elementor-widget-container>.elementor-spacer>.elementor-spacer-inner,.e-con>.elementor-widget-spacer>.elementor-widget-container>.elementor-spacer>.elementor-spacer-inner{height:var(--container-widget-height,var(--spacer-size))}.e-con-inner>.elementor-widget-spacer.elementor-widget-empty,.e-con>.elementor-widget-spacer.elementor-widget-empty{position:relative;min-height:22px;min-width:22px}.e-con-inner>.elementor-widget-spacer.elementor-widget-empty .elementor-widget-empty-icon,.e-con>.elementor-widget-spacer.elementor-widget-empty .elementor-widget-empty-icon{position:absolute;top:0;bottom:0;left:0;right:0;margin:auto;padding:0;width:22px;height:22px}<\/style>\t\t<div class=\"elementor-spacer\">\n\t\t\t<div class=\"elementor-spacer-inner\"><\/div>\n\t\t<\/div>\n\t\t\t\t<\/div>\n\t\t\t\t<\/div>\n\t\t\t\t\t<\/div>\n\t\t<\/div>\n\t\t\t\t\t<\/div>\n\t\t<\/section>\n\t\t\t\t<div class=\"elementor-element elementor-element-76a26ba4 elementor-widget elementor-widget-google_maps\" data-id=\"76a26ba4\" data-element_type=\"widget\" data-widget_type=\"google_maps.default\">\n\t\t\t\t<div class=\"elementor-widget-container\">\n\t\t\t<style>\/*! elementor - v3.19.0 - 07-02-2024 *\/\n.elementor-widget-google_maps .elementor-widget-container{overflow:hidden}.elementor-widget-google_maps .elementor-custom-embed{line-height:0}.elementor-widget-google_maps iframe{height:300px}<\/style>\t\t<div class=\"elementor-custom-embed\">\n\t\t\t<iframe loading=\"lazy\"\n\t\t\t\t\tsrc=\"https:\/\/maps.google.com\/maps?q=Avenida%20Antonio%20Machado%2065%2C%2008840%20Viladecans&#038;t=m&#038;z=17&#038;output=embed&#038;iwloc=near\"\n\t\t\t\t\ttitle=\"Avenida Antonio Machado 65, 08840 Viladecans\"\n\t\t\t\t\taria-label=\"Avenida Antonio Machado 65, 08840 Viladecans\"\n\t\t\t><\/iframe>\n\t\t<\/div>\n\t\t\t\t<\/div>\n\t\t\t\t<\/div>\n\t\t\t\t<div class=\"elementor-element elementor-element-18640286 elementor-widget elementor-widget-metform\" data-id=\"18640286\" data-element_type=\"widget\" data-widget_type=\"metform.default\">\n\t\t\t\t<div class=\"elementor-widget-container\">\n\t\t\t<div id=\"mf-response-props-id-149\" data-previous-steps-style=\"\" data-editswitchopen=\"\" data-response_type=\"alert\" data-erroricon=\"fas fa-exclamation-triangle\" data-successicon=\"fas fa-check\" data-messageposition=\"top\" class=\"   mf-scroll-top-no\">\n\t\t<div class=\"formpicker_warper formpicker_warper_editable\" data-metform-formpicker-key=\"149\" >\n\t\t\t\t\n\t\t\t<div class=\"elementor-widget-container\">\n\t\t\t\t\n\t\t<div\n\t\t\tid=\"metform-wrap-18640286-149\"\n\t\t\tclass=\"mf-form-wrapper\"\n\t\t\tdata-form-id=\"149\"\n\t\t\tdata-action=\"https:\/\/atica-maverick.com\/es_es\/wp-json\/metform\/v1\/entries\/insert\/149\"\n\t\t\tdata-wp-nonce=\"a854c63214\"\n\t\t\tdata-form-nonce=\"18955ee169\"\n\t\t\tdata-quiz-summery = \"false\"\n\t\t\tdata-save-progress = \"false\"\n\t\t\tdata-form-type=\"general-form\"\n\t\t\tdata-stop-vertical-effect=\"\"\n\t\t\t><\/div>\n\n\n\t\t<!----------------------------- \n\t\t\t* controls_data : find the the props passed indie of data attribute\n\t\t\t* props.SubmitResponseMarkup : contains the markup of error or success message\n\t\t\t* https:\/\/developer.mozilla.org\/en-US\/docs\/Web\/JavaScript\/Reference\/Template_literals\n\t\t--------------------------- -->\n\n\t\t\t\t<script type=\"text\/mf\" class=\"mf-template\">\n\t\t\tfunction controls_data (value){\n\t\t\t\tlet currentWrapper = \"mf-response-props-id-149\";\n\t\t\t\tlet currentEl = document.getElementById(currentWrapper);\n\t\t\t\t\n\t\t\t\treturn currentEl ? currentEl.dataset[value] : false\n\t\t\t}\n\n\n\t\t\tlet is_edit_mode = '' ? true : false;\n\t\t\tlet message_position = controls_data('messageposition') || 'top';\n\n\t\t\t\n\t\t\tlet message_successIcon = controls_data('successicon') || '';\n\t\t\tlet message_errorIcon = controls_data('erroricon') || '';\n\t\t\tlet message_editSwitch = controls_data('editswitchopen') === 'yes' ? true : false;\n\t\t\tlet message_proClass = controls_data('editswitchopen') === 'yes' ? 'mf_pro_activated' : '';\n\t\t\t\n\t\t\tlet is_dummy_markup = is_edit_mode && message_editSwitch ? true : false;\n\n\t\t\t\n\t\t\treturn html`\n\t\t\t\t<form\n\t\t\t\t\tclassName=\"metform-form-content\"\n\t\t\t\t\tref=${parent.formContainerRef}\n\t\t\t\t\tonSubmit=${ validation.handleSubmit( parent.handleFormSubmit ) }\n\t\t\t\t\n\t\t\t\t\t>\n\t\t\t\n\t\t\t\n\t\t\t\t\t${is_dummy_markup ? message_position === 'top' ?  props.ResponseDummyMarkup(message_successIcon, message_proClass) : '' : ''}\n\t\t\t\t\t${is_dummy_markup ? ' ' :  message_position === 'top' ? props.SubmitResponseMarkup`${parent}${state}${message_successIcon}${message_errorIcon}${message_proClass}` : ''}\n\n\t\t\t\t\t<!--------------------------------------------------------\n\t\t\t\t\t*** IMPORTANT \/ DANGEROUS ***\n\t\t\t\t\t${html``} must be used as in immediate child of \"metform-form-main-wrapper\"\n\t\t\t\t\tclass otherwise multistep form will not run at all\n\t\t\t\t\t---------------------------------------------------------->\n\n\t\t\t\t\t<div className=\"metform-form-main-wrapper\" key=${'hide-form-after-submit'} ref=${parent.formRef}>\n\t\t\t\t\t${html`\n\t\t\t\t\t\t\t\t<div data-elementor-type=\"wp-post\" key=\"2\" data-elementor-id=\"149\" className=\"elementor elementor-149\">\n\t\t\t\t\t\t<section className=\"elementor-section elementor-top-section elementor-element elementor-element-2400165f elementor-section-boxed elementor-section-height-default elementor-section-height-default\" data-id=\"2400165f\" data-element_type=\"section\" data-settings=\"{&quot;background_background&quot;:&quot;classic&quot;}\">\n\t\t\t\t\t\t<div className=\"elementor-container elementor-column-gap-no\">\n\t\t\t\t\t<div className=\"elementor-column elementor-col-100 elementor-top-column elementor-element elementor-element-4976fc18\" data-id=\"4976fc18\" data-element_type=\"column\">\n\t\t\t<div className=\"elementor-widget-wrap elementor-element-populated\">\n\t\t\t\t\t\t<div className=\"elementor-element elementor-element-b6b5d58 elementor-widget elementor-widget-heading\" data-id=\"b6b5d58\" data-element_type=\"widget\" data-widget_type=\"heading.default\">\n\t\t\t\t<div className=\"elementor-widget-container\">\n\t\t\t<h3 className=\"elementor-heading-title elementor-size-default\">Env\u00edanos tu consulta<\/h3>\t\t<\/div>\n\t\t\t\t<\/div>\n\t\t\t\t<section className=\"elementor-section elementor-inner-section elementor-element elementor-element-2d16a013 elementor-section-boxed elementor-section-height-default elementor-section-height-default\" data-id=\"2d16a013\" data-element_type=\"section\">\n\t\t\t\t\t\t<div className=\"elementor-container elementor-column-gap-extended\">\n\t\t\t\t\t<div className=\"elementor-column elementor-col-100 elementor-inner-column elementor-element elementor-element-2bfe7d6d\" data-id=\"2bfe7d6d\" data-element_type=\"column\">\n\t\t\t<div className=\"elementor-widget-wrap elementor-element-populated\">\n\t\t\t\t\t\t<div className=\"elementor-element elementor-element-45d72e93 elementor-widget elementor-widget-mf-text\" data-id=\"45d72e93\" data-element_type=\"widget\" data-settings=\"{&quot;mf_input_name&quot;:&quot;mf-first-name&quot;}\" data-widget_type=\"mf-text.default\">\n\t\t\t\t<div className=\"elementor-widget-container\">\n\t\t\t\n\t\t<div className=\"mf-input-wrapper\">\n\t\t\t\n\t\t\t<input\n\t\t\t\ttype=\"text\"\n\t\t\t\tclassName=\"mf-input \"\n\t\t\t\tid=\"mf-input-text-45d72e93\"\n\t\t\t\tname=\"mf-first-name\"\n\t\t\t\tplaceholder=\"${ parent.decodeEntities(`Nombre`) } \"\n\t\t\t\t\t\t\t\t\tonInput=${parent.handleChange}\n\t\t\t\t\tonBlur=${parent.handleChange}\n\t\t\t\t\taria-invalid=${validation.errors['mf-first-name'] ? 'true' : 'false'}\n\t\t\t\t\tref=${el =>{\n\t\t\t\t\t\t\t\t\t\t\t\tparent.activateValidation({\"message\":\"This field is required.\",\"minLength\":1,\"maxLength\":\"\",\"type\":\"none\",\"required\":true,\"expression\":\"null\"}, el)\n\t\t\t\t\t}}\n\t\t\t\t\t\t\t\t\/>\n\n\t\t\t\t\t\t\t<${validation.ErrorMessage}\n\t\t\t\t\terrors=${validation.errors}\n\t\t\t\t\tname=\"mf-first-name\"\n\t\t\t\t\tas=${html`<span className=\"mf-error-message\"><\/span>`}\n\t\t\t\t\t\/>\n\t\t\t\n\t\t\t\t\t<\/div>\n\n\t\t\t\t<\/div>\n\t\t\t\t<\/div>\n\t\t\t\t\t<\/div>\n\t\t<\/div>\n\t\t\t\t\t<\/div>\n\t\t<\/section>\n\t\t\t\t<section className=\"elementor-section elementor-inner-section elementor-element elementor-element-54f9146a elementor-section-boxed elementor-section-height-default elementor-section-height-default\" data-id=\"54f9146a\" data-element_type=\"section\">\n\t\t\t\t\t\t<div className=\"elementor-container elementor-column-gap-extended\">\n\t\t\t\t\t<div className=\"elementor-column elementor-col-100 elementor-inner-column elementor-element elementor-element-7a8d0835\" data-id=\"7a8d0835\" data-element_type=\"column\">\n\t\t\t<div className=\"elementor-widget-wrap elementor-element-populated\">\n\t\t\t\t\t\t<div className=\"elementor-element elementor-element-3df33a8e elementor-widget elementor-widget-mf-email\" data-id=\"3df33a8e\" data-element_type=\"widget\" data-settings=\"{&quot;mf_input_name&quot;:&quot;mf-email&quot;}\" data-widget_type=\"mf-email.default\">\n\t\t\t\t<div className=\"elementor-widget-container\">\n\t\t\t\n\t\t<div className=\"mf-input-wrapper\">\n\t\t\t\n\t\t\t<input \n\t\t\t\ttype=\"email\" \n\t\t\t\t \n\t\t\t\tdefaultValue=\"\" \n\t\t\t\tclassName=\"mf-input \" \n\t\t\t\tid=\"mf-input-email-3df33a8e\" \n\t\t\t\tname=\"mf-email\" \n\t\t\t\tplaceholder=\"${ parent.decodeEntities(`E-mail`) } \" \n\t\t\t\t \n\t\t\t\tonBlur=${parent.handleChange} onFocus=${parent.handleChange} aria-invalid=${validation.errors['mf-email'] ? 'true' : 'false' } \n\t\t\t\tref=${el=> parent.activateValidation({\"message\":\"This field is required.\",\"emailMessage\":\"Please enter a valid Email address\",\"minLength\":1,\"maxLength\":\"\",\"type\":\"none\",\"required\":true,\"expression\":\"null\"}, el)}\n\t\t\t\t\t\t\t\/>\n\n\t\t\t\t\t\t<${validation.ErrorMessage} \n\t\t\t\terrors=${validation.errors} \n\t\t\t\tname=\"mf-email\" \n\t\t\t\tas=${html`<span className=\"mf-error-message\"><\/span>`}\n\t\t\t\/>\n\t\t\t\n\t\t\t\t\t<\/div>\n\n\t\t<\/div>\n\t\t\t\t<\/div>\n\t\t\t\t\t<\/div>\n\t\t<\/div>\n\t\t\t\t\t<\/div>\n\t\t<\/section>\n\t\t\t\t<section className=\"elementor-section elementor-inner-section elementor-element elementor-element-40edc7c0 elementor-section-boxed elementor-section-height-default elementor-section-height-default\" data-id=\"40edc7c0\" data-element_type=\"section\">\n\t\t\t\t\t\t<div className=\"elementor-container elementor-column-gap-extended\">\n\t\t\t\t\t<div className=\"elementor-column elementor-col-100 elementor-inner-column elementor-element elementor-element-608aa223\" data-id=\"608aa223\" data-element_type=\"column\">\n\t\t\t<div className=\"elementor-widget-wrap elementor-element-populated\">\n\t\t\t\t\t\t<div className=\"elementor-element elementor-element-1c19c6ef elementor-widget elementor-widget-mf-textarea\" data-id=\"1c19c6ef\" data-element_type=\"widget\" data-settings=\"{&quot;mf_input_name&quot;:&quot;mf-comment&quot;}\" data-widget_type=\"mf-textarea.default\">\n\t\t\t\t<div className=\"elementor-widget-container\">\n\t\t\t\n\t\t<div className=\"mf-input-wrapper\">\n\t\t\t\n\t\t\t<textarea className=\"mf-input mf-textarea \" id=\"mf-input-text-area-1c19c6ef\"\n\t\t\t\tname=\"mf-comment\" \n\t\t\t\tplaceholder=\"${ parent.decodeEntities(`Mensaje`) } \"\n\t\t\t\tcols=\"30\" rows=\"10\"\n\t\t\t\t\t\t\t\t\tonInput=${ parent.handleChange }\n\t\t\t\t\taria-invalid=${validation.errors['mf-comment'] ? 'true' : 'false'}\n\t\t\t\t\tref=${ el => parent.activateValidation({\"message\":\"This field is required.\",\"minLength\":1,\"maxLength\":\"\",\"type\":\"none\",\"required\":false,\"expression\":\"null\"}, el)}\n\t\t\t\t\t\t\t\t><\/textarea>\n\n\t\t\t\t\t\t\t<${validation.ErrorMessage}\n\t\t\t\t\terrors=${validation.errors}\n\t\t\t\t\tname=\"mf-comment\"\n\t\t\t\t\tas=${html`<span className=\"mf-error-message\"><\/span>`}\n\t\t\t\t\t\/>\n\t\t\t\t\t\t\t\t<\/div>\n\n\t\t\t\t<\/div>\n\t\t\t\t<\/div>\n\t\t\t\t<div className=\"elementor-element elementor-element-25bfa0f6 mf-btn--left mf-btn--mobile-justify elementor-widget elementor-widget-mf-button\" data-id=\"25bfa0f6\" data-element_type=\"widget\" data-widget_type=\"mf-button.default\">\n\t\t\t\t<div className=\"elementor-widget-container\">\n\t\t\t\t\t<div className=\"mf-btn-wraper \" data-mf-form-conditional-logic-requirement=\"\">\n\t\t\t\t\t\t\t<button type=\"submit\" className=\"metform-btn metform-submit-btn \" id=\"\">\n\t\t\t\t\t<span>${ parent.decodeEntities(`Enviar`) } <\/span>\n\t\t\t\t<\/button>\n\t\t\t        <\/div>\n        \t\t<\/div>\n\t\t\t\t<\/div>\n\t\t\t\t\t<\/div>\n\t\t<\/div>\n\t\t\t\t\t<\/div>\n\t\t<\/section>\n\t\t\t\t\t<\/div>\n\t\t<\/div>\n\t\t\t\t\t<\/div>\n\t\t<\/section>\n\t\t\t\t<\/div>\n\t\t\t\t\t\t\t`}\n\t\t\t\t\t<\/div>\n\n\t\t\t\t\t${is_dummy_markup ? message_position === 'bottom' ? props.ResponseDummyMarkup(message_successIcon, message_proClass) : '' : ''}\n\t\t\t\t\t${is_dummy_markup ? ' ' : message_position === 'bottom' ? props.SubmitResponseMarkup`${parent}${state}${message_successIcon}${message_errorIcon}${message_proClass}` : ''}\n\t\t\t\t\n\t\t\t\t<\/form>\n\t\t\t`\n\t\t<\/script>\n\n\t\t\t\t\t<\/div>\n\t\t<\/div>\n\t\t<\/div>\t\t<\/div>\n\t\t\t\t<\/div>\n\t\t\t\t\t<\/div>\n\t\t<\/div>\n\t\t\t\t\t<\/div>\n\t\t<\/section>\n\t\t\t\t<\/div>\n\t\t","protected":false},"excerpt":{"rendered":"<p>CONT\u00c1CTENOS CONT\u00c1CTANOS EMAIL info@atica-maverick.com TEL\u00c9FONO DE CONTACTO VIS\u00cdTANOS EN Bio-Edificio S\u00f3crates Avenida Antonio Machado 65, planta 2A 08840 Viladecans,\u00a0Espa\u00f1a<\/p>\n","protected":false},"author":1,"featured_media":0,"parent":0,"menu_order":0,"comment_status":"closed","ping_status":"closed","template":"","meta":{"footnotes":""},"class_list":["post-134","page","type-page","status-publish","hentry"],"_links":{"self":[{"href":"https:\/\/atica-maverick.com\/es_es\/wp-json\/wp\/v2\/pages\/134","targetHints":{"allow":["GET"]}}],"collection":[{"href":"https:\/\/atica-maverick.com\/es_es\/wp-json\/wp\/v2\/pages"}],"about":[{"href":"https:\/\/atica-maverick.com\/es_es\/wp-json\/wp\/v2\/types\/page"}],"author":[{"embeddable":true,"href":"https:\/\/atica-maverick.com\/es_es\/wp-json\/wp\/v2\/users\/1"}],"replies":[{"embeddable":true,"href":"https:\/\/atica-maverick.com\/es_es\/wp-json\/wp\/v2\/comments?post=134"}],"version-history":[{"count":19,"href":"https:\/\/atica-maverick.com\/es_es\/wp-json\/wp\/v2\/pages\/134\/revisions"}],"predecessor-version":[{"id":1319,"href":"https:\/\/atica-maverick.com\/es_es\/wp-json\/wp\/v2\/pages\/134\/revisions\/1319"}],"wp:attachment":[{"href":"https:\/\/atica-maverick.com\/es_es\/wp-json\/wp\/v2\/media?parent=134"}],"curies":[{"name":"wp","href":"https:\/\/api.w.org\/{rel}","templated":true}]}}