{"id":3,"date":"2024-02-20T14:13:32","date_gmt":"2024-02-20T13:13:32","guid":{"rendered":"http:\/\/www.atica-maverick.com\/?page_id=3"},"modified":"2024-07-07T15:14:04","modified_gmt":"2024-07-07T13:14:04","slug":"politica-privacidad","status":"publish","type":"page","link":"https:\/\/atica-maverick.com\/es_es\/politica-privacidad\/","title":{"rendered":"Pol\u00edtica de privacidad"},"content":{"rendered":"\n<p class=\"has-black-color has-text-color has-link-color wp-elements-c5efe2d454c4a12668fe44643b05102e\">POL\u00cdTICA DE PRIVACIDAD Y PROTECCI\u00d3N DE DATOS<\/p>\n\n\n\n<p class=\"has-black-color has-text-color has-link-color wp-elements-78f6ade2c925bb2f76ab257ca874e7b5\">El Reglamento General de Protecci\u00f3n de Datos de la UE 2016\/679 (RGPD) indica que las organizaciones que recaban y\/o realizan actividades de tratamiento de datos personales, deber\u00e1n implementar las medidas t\u00e9cnicas y organizativas necesarias para garantizar la protecci\u00f3n de los mismos, la privacidad y los derechos y libertades de las personas titulares de los datos personales. La entidad ATICA MAVERICK S.L. con CIF B67569327 y domicilio social en Calle de Antonio Machada 65, Planta 2A, 08840, tel\u00e9fono 674949008, email info@atica-maverick.com, le informa que tratamos los datos personales que nos facilita con las finalidades indicadas m\u00e1s abajo. Los datos proporcionados se conservar\u00e1n mientras se mantenga la relaci\u00f3n comercial o durante los a\u00f1os necesarios para cumplir con las obligaciones legales. Los datos no se ceder\u00e1n a terceros excepto en los casos en que exista una obligaci\u00f3n legal. Usted tiene derecho a obtener confirmaci\u00f3n sobre si en nuestra entidad estamos tratando sus datos personales por lo que tiene derecho a acceder a sus datos personales, rectificar los datos inexactos o solicitar su supresi\u00f3n cuando los datos ya no sean necesarios.<\/p>\n\n\n\n<p class=\"has-black-color has-text-color has-link-color wp-elements-ea00cf232d4582239f3cae26689d951e\">INFORMACI\u00d3N Y TERMINOLOG\u00cdAS<\/p>\n\n\n\n<p class=\"has-black-color has-text-color has-link-color wp-elements-9967ebefd899c897eb9c91e5f14aa48b\">#1.- INFORMACI\u00d3N GENERAL<\/p>\n\n\n\n<p class=\"has-black-color has-text-color has-link-color wp-elements-44ba388f3aeba0191d08672a8f4d88e6\">Esta \u00abPol\u00edtica de Privacidad y Protecci\u00f3n de Datos\u00bb tiene como finalidad dar a conocer las condiciones que rigen la recogida y tratamiento de sus datos personales por parte de nuestra entidad o grupo corporativo para velar por los derechos fundamentales, su honor y libertades, todo ello en cumplimiento de las normativas vigentes que regulan la protecci\u00f3n de datos personales seg\u00fan la Uni\u00f3n Europea y el Estado Miembro espa\u00f1ol. De conformidad con estas normativas, necesitamos disponer de su autorizaci\u00f3n y consentimiento para la recogida y el tratamiento de sus datos personales, de manera que a continuaci\u00f3n, le explicamos todos los detalles de su inter\u00e9s respecto a&#8230;<\/p>\n\n\n\n<p class=\"has-black-color has-text-color has-link-color wp-elements-75eb882dd2105e0d2a88d3fab6b60b51\">Mediante comunicaci\u00f3n escrita y fotocopia del DNI, indicando la referencia RGPD dirigida a:<\/p>\n\n\n\n<p class=\"has-black-color has-text-color has-link-color wp-elements-9ed6380c7e3a1ef1391187710306d124\">&#8211; Responsable: ATICA MAVERICK S.L.<\/p>\n\n\n\n<p class=\"has-black-color has-text-color has-link-color wp-elements-32539156e96a4d257d5fbf9d004b1917\">&#8211; Direcci\u00f3n: Calle de Antonio Machada 65, Planta 2A, 08840<\/p>\n\n\n\n<p class=\"has-black-color has-text-color has-link-color wp-elements-0831ca9e8d83223fc146777e61fa483d\">&#8211; Tel\u00e9fono: 674949008<\/p>\n\n\n\n<p class=\"has-black-color has-text-color has-link-color wp-elements-02c9d632be568ebbd1c076b3306e8c5e\">&#8211; Email: info@atica-maverick.com<\/p>\n\n\n\n<p class=\"has-black-color has-text-color has-link-color wp-elements-18163ceb4c5d761ca51b25e798d82e3a\">4.- FINALIDADES DEL TRATAMIENTO<\/p>\n\n\n\n<p class=\"has-black-color has-text-color has-link-color wp-elements-eb1b6b449c8e7850c0ba95378770775e\">Las finalidades para las que se recaban y tratan sus datos personales son las siguientes:<\/p>\n\n\n\n<p class=\"has-black-color has-text-color has-link-color wp-elements-89744d8400da5fba2bbd6428744da6ac\">1. Gesti\u00f3n de la relaci\u00f3n comercial: Incluye todas las actividades necesarias para mantener y gestionar la relaci\u00f3n comercial con nuestros clientes, incluyendo la facturaci\u00f3n, el env\u00edo de productos, la atenci\u00f3n al cliente, etc.<\/p>\n\n\n\n<p class=\"has-black-color has-text-color has-link-color wp-elements-93d4a6f37d0345dd25fa5156cd0d196b\">2. Env\u00edo de comunicaciones comerciales: Podemos utilizar sus datos para enviarle informaci\u00f3n sobre nuestros productos y servicios, ofertas, promociones y otras comunicaciones comerciales que puedan ser de su inter\u00e9s.<\/p>\n\n\n\n<p class=\"has-black-color has-text-color has-link-color wp-elements-a8107f5782e16454a5cdc06d38a0e5ef\">3. Gesti\u00f3n de la seguridad: Incluye las actividades necesarias para garantizar la seguridad de nuestras instalaciones, sistemas e informaci\u00f3n, as\u00ed como la de nuestros clientes y empleados.<\/p>\n\n\n\n<p class=\"has-black-color has-text-color has-link-color wp-elements-b457f9974ca07840265d4354660287e4\">4. Cumplimiento de obligaciones legales: Incluye todas las actividades necesarias para cumplir con las obligaciones legales que nos son aplicables, incluyendo las obligaciones fiscales, laborales, de protecci\u00f3n de datos, etc.<\/p>\n\n\n\n<p class=\"has-black-color has-text-color has-link-color wp-elements-80bac8a49a03b9b254e6df70c1657ebf\">5.- LEGITIMACI\u00d3N DEL TRATAMIENTO<\/p>\n\n\n\n<p class=\"has-black-color has-text-color has-link-color wp-elements-348e7849a10a165ffe53bc65efc9d6af\">La base legal para el tratamiento de sus datos es el consentimiento que usted nos ha proporcionado, as\u00ed como la necesidad del tratamiento para la ejecuci\u00f3n de un contrato en el que usted es parte o para la aplicaci\u00f3n a petici\u00f3n suya de medidas precontractuales. Tambi\u00e9n podemos tratar sus datos cuando sea necesario para el cumplimiento de una obligaci\u00f3n legal que nos sea aplicable o para la satisfacci\u00f3n de intereses leg\u00edtimos perseguidos por nosotros o por un tercero, siempre que sobre estos intereses no prevalezcan sus derechos y libertades fundamentales.<\/p>\n\n\n\n<p class=\"has-black-color has-text-color has-link-color wp-elements-ad8147a9b9db4d853823770de801c0a1\">6.- DERECHOS DE LOS USUARIOS<\/p>\n\n\n\n<p class=\"has-black-color has-text-color has-link-color wp-elements-f969f5842f2f390fba1fd1ad2858d4af\">Usted tiene derecho a obtener confirmaci\u00f3n sobre si estamos tratando datos personales que le conciernen o no. Como interesado, tiene derecho a acceder a sus datos personales, as\u00ed como a solicitar la rectificaci\u00f3n de los datos inexactos o, en su caso, solicitar su supresi\u00f3n cuando, entre otros motivos, los datos ya no sean necesarios para los fines para los que fueron recogidos.<\/p>\n\n\n\n<p class=\"has-black-color has-text-color has-link-color wp-elements-d36eac23dc3d0c861abe6c0d42ab1305\">En determinadas circunstancias, los interesados podr\u00e1n solicitar la limitaci\u00f3n del tratamiento de sus datos, en cuyo caso \u00fanicamente los conservaremos para el ejercicio o la defensa de reclamaciones. En determinadas circunstancias y por motivos relacionados con su situaci\u00f3n particular, los interesados podr\u00e1n oponerse al tratamiento de sus datos. En este caso, dejaremos de tratar los datos, salvo por motivos leg\u00edtimos imperiosos, o el ejercicio o la defensa de posibles reclamaciones.<\/p>\n\n\n\n<p class=\"has-black-color has-text-color has-link-color wp-elements-722a09103e2ec01073b282752340d55a\">Asimismo, tiene derecho a retirar el consentimiento en cualquier momento, sin que ello afecte a la licitud del tratamiento basado en el consentimiento previo a su retirada.<\/p>\n\n\n\n<p class=\"has-black-color has-text-color has-link-color wp-elements-6c4d4b866b91f619da23f184a48e32a2\">Para ejercer estos derechos, puede dirigirse a nosotros mediante comunicaci\u00f3n escrita y fotocopia del DNI, indicando la referencia RGPD, a la direcci\u00f3n:<\/p>\n\n\n\n<p class=\"has-black-color has-text-color has-link-color wp-elements-9ed6380c7e3a1ef1391187710306d124\">&#8211; Responsable: ATICA MAVERICK S.L.<\/p>\n\n\n\n<p class=\"has-black-color has-text-color has-link-color wp-elements-32539156e96a4d257d5fbf9d004b1917\">&#8211; Direcci\u00f3n: Calle de Antonio Machada 65, Planta 2A, 08840<\/p>\n\n\n\n<p class=\"has-black-color has-text-color has-link-color wp-elements-0831ca9e8d83223fc146777e61fa483d\">&#8211; Tel\u00e9fono: 674949008<\/p>\n\n\n\n<p class=\"has-black-color has-text-color has-link-color wp-elements-02c9d632be568ebbd1c076b3306e8c5e\">&#8211; Email: info@atica-maverick.com<\/p>\n\n\n\n<p class=\"has-black-color has-text-color has-link-color wp-elements-4181f5354fcd8650d79a7c71a6641b6f\">Adem\u00e1s, si considera que sus derechos no se han atendido adecuadamente, tiene derecho a presentar una reclamaci\u00f3n ante la Agencia Espa\u00f1ola de Protecci\u00f3n de Datos (www.aepd.es).<\/p>\n\n\n\n<p class=\"has-black-color has-text-color has-link-color wp-elements-7145ad3603822d8fa2005f1d382347f2\">7.- CAMBIOS EN LA POL\u00cdTICA DE PRIVACIDAD<\/p>\n\n\n\n<p class=\"has-black-color has-text-color has-link-color wp-elements-7cfc5938e92aa8446d92305d40613f3e\">ATICA MAVERICK S.L. se reserva el derecho a modificar la presente pol\u00edtica de privacidad para adaptarla a novedades legislativas o jurisprudenciales, as\u00ed como a pr\u00e1cticas de la industria. En estos casos, la entidad anunciar\u00e1 en esta p\u00e1gina los cambios introducidos con una antelaci\u00f3n razonable a su puesta en pr\u00e1ctica.<\/p>\n\n\n\n<p class=\"has-black-color has-text-color has-link-color wp-elements-7eb4bfb665af1f630bbe3979825990c8\">8.- DERECHOS DE LOS USUARIOS<\/p>\n\n\n\n<p class=\"has-black-color has-text-color has-link-color wp-elements-722bdb0380c236b86bc7155f1964a1a5\">Usted tiene derecho a obtener confirmaci\u00f3n sobre si en ATICA MAVERICK S.L. estamos tratando datos personales que le conciernen o no. Como interesado, tiene derecho a acceder a sus datos personales, as\u00ed como a solicitar la rectificaci\u00f3n de los datos inexactos o, en su caso, solicitar su supresi\u00f3n cuando, entre otros motivos, los datos ya no sean necesarios para las finalidades para las que fueron recogidos. En determinadas circunstancias, los interesados podr\u00e1n solicitar la limitaci\u00f3n del tratamiento de sus datos, en cuyo caso \u00fanicamente los conservaremos para el ejercicio o la defensa de reclamaciones. En determinadas circunstancias y por motivos relacionados con su situaci\u00f3n particular, los interesados podr\u00e1n oponerse al tratamiento de sus datos. ATICA MAVERICK S.L. dejar\u00e1 de tratar los datos, salvo por motivos leg\u00edtimos imperiosos, o el ejercicio o la defensa de posibles reclamaciones.<\/p>\n\n\n\n<p class=\"has-black-color has-text-color has-link-color wp-elements-efa2c4f186c758a3e88b61dd1fadfd2a\">Los interesados tambi\u00e9n tendr\u00e1n derecho a la portabilidad de sus datos, es decir, a recibir los datos personales que le incumban, que nos haya facilitado y en un formato estructurado, de uso com\u00fan y lectura mec\u00e1nica, y a transmitirlos a otro responsable del tratamiento sin que lo impida el responsable al que se los hubiera facilitado, siempre que:<\/p>\n\n\n\n<p class=\"has-black-color has-text-color has-link-color wp-elements-a0504c490b7205e5b9bc1fc5f5884502\">&#8211; El tratamiento se base en el consentimiento.<\/p>\n\n\n\n<p class=\"has-black-color has-text-color has-link-color wp-elements-5b1d617482c3100ea13c3959a9aeedf3\">&#8211; Los datos hayan sido facilitados por la persona interesada.<\/p>\n\n\n\n<p class=\"has-black-color has-text-color has-link-color wp-elements-07aa36603d89e8fdfcfe0a494cfdb73e\">&#8211; El tratamiento se efect\u00fae por medios automatizados.<\/p>\n\n\n\n<p class=\"has-black-color has-text-color has-link-color wp-elements-6a7e0b968fdec5e94cc3ad58b87fa8a6\">Al ejercer su derecho a la portabilidad de los datos, tendr\u00e1 derecho a que los datos personales se transmitan directamente de responsable a responsable cuando sea t\u00e9cnicamente posible.<\/p>\n\n\n\n<p class=\"has-black-color has-text-color has-link-color wp-elements-bcccc9af9311e3dbdae715ffecf05fbe\">9.- CONTACTO<\/p>\n\n\n\n<p class=\"has-black-color has-text-color has-link-color wp-elements-135cd9e18af8210d17fc909b83342998\">Para cualquier consulta sobre esta pol\u00edtica de privacidad o para ejercer sus derechos, puede contactarnos a trav\u00e9s de:<\/p>\n\n\n\n<p class=\"has-black-color has-text-color has-link-color wp-elements-77df9e1cda9517728c60bb1355cd58b7\">&#8211; Direcci\u00f3n postal: Calle de Antonio Machada 65, Planta 2A, 08840<\/p>\n\n\n\n<p class=\"has-black-color has-text-color has-link-color wp-elements-0831ca9e8d83223fc146777e61fa483d\">&#8211; Tel\u00e9fono: 674949008<\/p>\n\n\n\n<p class=\"has-black-color has-text-color has-link-color wp-elements-02c9d632be568ebbd1c076b3306e8c5e\">&#8211; Email: info@atica-maverick.com<\/p>\n\n\n\n<p class=\"has-black-color has-text-color has-link-color wp-elements-adcf839b5d600d6f9f2929b1ef181a98\">10.- ACEPTACI\u00d3N Y CONSENTIMIENTO<\/p>\n\n\n\n<p class=\"has-black-color has-text-color has-link-color wp-elements-487701742f7252ec1099e8dd0ffdc557\">El usuario declara haber sido informado de las condiciones sobre protecci\u00f3n de datos de car\u00e1cter personal, aceptando y consintiendo el tratamiento de los mismos por parte de ATICA MAVERICK S.L., en la forma y para las finalidades indicadas en la presente pol\u00edtica de privacidad.<\/p>\n","protected":false},"excerpt":{"rendered":"<p>POL\u00cdTICA DE PRIVACIDAD Y PROTECCI\u00d3N DE DATOS El Reglamento General de Protecci\u00f3n de Datos de la UE 2016\/679 (RGPD) indica que las organizaciones que recaban y\/o realizan actividades de tratamiento de datos personales, deber\u00e1n implementar las medidas t\u00e9cnicas y organizativas necesarias para garantizar la protecci\u00f3n de los mismos, la privacidad y los derechos y libertades [&hellip;]<\/p>\n","protected":false},"author":1,"featured_media":0,"parent":0,"menu_order":0,"comment_status":"closed","ping_status":"open","template":"","meta":{"footnotes":""},"class_list":["post-3","page","type-page","status-publish","hentry"],"_links":{"self":[{"href":"https:\/\/atica-maverick.com\/es_es\/wp-json\/wp\/v2\/pages\/3","targetHints":{"allow":["GET"]}}],"collection":[{"href":"https:\/\/atica-maverick.com\/es_es\/wp-json\/wp\/v2\/pages"}],"about":[{"href":"https:\/\/atica-maverick.com\/es_es\/wp-json\/wp\/v2\/types\/page"}],"author":[{"embeddable":true,"href":"https:\/\/atica-maverick.com\/es_es\/wp-json\/wp\/v2\/users\/1"}],"replies":[{"embeddable":true,"href":"https:\/\/atica-maverick.com\/es_es\/wp-json\/wp\/v2\/comments?post=3"}],"version-history":[{"count":5,"href":"https:\/\/atica-maverick.com\/es_es\/wp-json\/wp\/v2\/pages\/3\/revisions"}],"predecessor-version":[{"id":1293,"href":"https:\/\/atica-maverick.com\/es_es\/wp-json\/wp\/v2\/pages\/3\/revisions\/1293"}],"wp:attachment":[{"href":"https:\/\/atica-maverick.com\/es_es\/wp-json\/wp\/v2\/media?parent=3"}],"curies":[{"name":"wp","href":"https:\/\/api.w.org\/{rel}","templated":true}]}}